{"id":262,"date":"2018-11-07T10:17:30","date_gmt":"2018-11-07T10:17:30","guid":{"rendered":"https:\/\/rechtsanwalt-lakwa.de\/?page_id=262"},"modified":"2020-07-08T16:38:31","modified_gmt":"2020-07-08T16:38:31","slug":"inkasso","status":"publish","type":"page","link":"https:\/\/rechtsanwalt-lakwa.de\/index.php\/inkasso\/","title":{"rendered":"Inkasso"},"content":{"rendered":"<p>[et_pb_section fb_built=&#8220;1&#8243; fullwidth=&#8220;on&#8220; admin_label=&#8220;Hero Section&#8220; _builder_version=&#8220;3.22&#8243; background_color=&#8220;rgba(29,38,51,0.86)&#8220; parallax=&#8220;on&#8220; custom_margin=&#8220;30px||-30px|&#8220; custom_padding=&#8220;0px|0px|30px|0px&#8220;][et_pb_fullwidth_header title=&#8220;Inkasso&#8220; header_fullscreen=&#8220;on&#8220; background_overlay_color=&#8220;rgba(29,38,51,0.86)&#8220; image_orientation=&#8220;bottom&#8220; content_max_width=&#8220;700px&#8220; admin_label=&#8220;Hero&#8220; _builder_version=&#8220;3.17.6&#8243; title_font=&#8220;Oswald|on||on|&#8220; title_font_size=&#8220;80px&#8220; title_line_height=&#8220;1.3em&#8220; content_font=&#8220;Roboto||||&#8220; content_font_size=&#8220;20px&#8220; background_image=&#8220;https:\/\/rechtsanwalt-lakwa.de\/wp-content\/uploads\/2018\/10\/Lakwa-Logo-1.png&#8220; background_size=&#8220;contain&#8220; custom_button_one=&#8220;on&#8220; button_one_border_radius=&#8220;0px&#8220; button_one_letter_spacing=&#8220;4px&#8220; button_one_font=&#8220;Oswald|on||on|&#8220; button_one_icon=&#8220;{6ea7a75d713dbf2a7b7ccfbd30c50e37df69403b2639db1e3e7686fdcb4501be}{6ea7a75d713dbf2a7b7ccfbd30c50e37df69403b2639db1e3e7686fdcb4501be}3{6ea7a75d713dbf2a7b7ccfbd30c50e37df69403b2639db1e3e7686fdcb4501be}{6ea7a75d713dbf2a7b7ccfbd30c50e37df69403b2639db1e3e7686fdcb4501be}&#8220; button_one_icon_color=&#8220;#ffffff&#8220; animation_style=&#8220;zoom&#8220; animation_direction=&#8220;bottom&#8220; animation_intensity_zoom=&#8220;4{6ea7a75d713dbf2a7b7ccfbd30c50e37df69403b2639db1e3e7686fdcb4501be}&#8220; button_one_text_color_hover=&#8220;#ffffff&#8220; button_one_border_color_hover=&#8220;#ffffff&#8220; button_one_border_radius_hover=&#8220;0px&#8220; button_one_letter_spacing_hover=&#8220;4px&#8220; button_one_bg_color_hover=&#8220;rgba(0,0,0,0)&#8220;]<\/p>\n<p>Als Rechtsanwaltskanzlei arbeitet wir genau so erfolgsorientiert wie ein Inkassob\u00fcro.<\/p>\n<p>[\/et_pb_fullwidth_header][\/et_pb_section][et_pb_section fb_built=&#8220;1&#8243; _builder_version=&#8220;3.22&#8243; custom_padding=&#8220;110px|||&#8220;][et_pb_row column_structure=&#8220;1_2,1_2&#8243; _builder_version=&#8220;3.25&#8243;][et_pb_column type=&#8220;1_2&#8243; _builder_version=&#8220;3.25&#8243; custom_padding=&#8220;|||&#8220; custom_padding__hover=&#8220;|||&#8220;][et_pb_divider color=&#8220;#59000a&#8220; divider_position=&#8220;center&#8220; divider_weight=&#8220;3px&#8220; disabled_on=&#8220;off|off|off&#8220; _builder_version=&#8220;3.17.1&#8243; max_width=&#8220;150px&#8220; height=&#8220;false&#8220; animation_style=&#8220;slide&#8220; animation_direction=&#8220;top&#8220; animation_delay=&#8220;100ms&#8220; animation_intensity_slide=&#8220;10{6ea7a75d713dbf2a7b7ccfbd30c50e37df69403b2639db1e3e7686fdcb4501be}&#8220; animation_speed_curve=&#8220;ease-in&#8220;][\/et_pb_divider][et_pb_text admin_label=&#8220;Discover Beatuty Sub Title&#8220; _builder_version=&#8220;3.27.4&#8243; text_text_color=&#8220;#1a1a1a&#8220; text_font_size=&#8220;16px&#8220; text_line_height=&#8220;1.4em&#8220; animation_style=&#8220;slide&#8220; animation_direction=&#8220;top&#8220; animation_intensity_slide=&#8220;10{6ea7a75d713dbf2a7b7ccfbd30c50e37df69403b2639db1e3e7686fdcb4501be}&#8220;]<\/p>\n<p class=\"pblock\">Das Ausbleiben von f\u00e4lligen Zahlungen ist sowohl f\u00fcr Unternehmer als auch f\u00fcr Privatpersonen ein leidiges und h\u00e4ufig auch existenzbedrohendes Thema. Denn h\u00e4ufen sich die F\u00e4lle, in denen die Verg\u00fctung f\u00fcr eine bereits erbrachte Leistung ausbleibt, kann die\u00a0<strong>Liquidit\u00e4t<\/strong>\u00a0eines Unternehmens oder Privathaushaltes schnell in Gefahr geraten.<\/p>\n<p class=\"pblock\">Warum gleich einen Anwalt einschalten? Wir arbeiteten ebenso erfolgsorientiert wie ein Inkassob\u00fcro. Ich habe als Volljuristen zudem die F\u00e4higkeit, die Erfolgs- aussichten in Betracht kommender Vorgehens- weisen und die rechtliche Durchsetzbarkeit Ihrer Forderungen zu bewerten und eben daran auszurichten. Dabei richtet sich der Gang des Inkassoverfahrens stets nach Ihren W\u00fcnschen, insbesondere die Intensit\u00e4t der Mahnungen h\u00e4ngt von Ihren Bed\u00fcrfnissen ab.<\/p>\n<p class=\"pblock\">Ihr Recht: Viele Gl\u00e4ubiger verhalten sich zu geduldig gegen\u00fcber Ihren Schuldner, um weitere Gesch\u00e4fts- beziehungen nicht zu gef\u00e4hrden oder Kunden nicht zu ver\u00e4rgern, und senden wiederholt unn\u00f6tige Mahnungen. Grunds\u00e4tzlich setzt bereits die erste Mahnung den Schuldner in\u00a0<strong>Verzug<\/strong>. Im Falle einer Entgeltforderung bedarf es jedoch dann keiner Mahnung, wenn bereits\u00a0<strong>30 Tage<\/strong>\u00a0seit F\u00e4lligkeit und Rechnungszugang verstrichen sind.<\/p>\n<p class=\"pblock\">Ihr Vorteil: Der Schuldner tr\u00e4gt im Erfolgsfall grunds\u00e4tzlich die\u00a0<strong>Kosten\u00a0<\/strong>unserer T\u00e4tigkeiten, soweit er sich im Verzug befunden hat.<\/p>\n<p class=\"pblock\">Gerne vertreten wir Ihre Interessen in dem von Ihnen gew\u00fcnschten Ma\u00dfe insbesondere in folgenden Angelegenheiten:<\/p>\n<ul>\n<li>Mahnungen Ihrer Gesch\u00e4ftspartner<\/li>\n<li>Solvenzpr\u00fcfungen<\/li>\n<li>Zwangsvollstreckungen<\/li>\n<li>Ratenzahlungsvereinbarungen<\/li>\n<li>Einleitung von Strafverfahren<\/li>\n<\/ul>\n<p>[\/et_pb_text][et_pb_divider color=&#8220;#59000a&#8220; divider_position=&#8220;center&#8220; divider_weight=&#8220;3px&#8220; disabled_on=&#8220;off|off|off&#8220; _builder_version=&#8220;3.17.1&#8243; max_width=&#8220;150px&#8220; height=&#8220;false&#8220; animation_style=&#8220;slide&#8220; animation_direction=&#8220;top&#8220; animation_delay=&#8220;100ms&#8220; animation_intensity_slide=&#8220;10{6ea7a75d713dbf2a7b7ccfbd30c50e37df69403b2639db1e3e7686fdcb4501be}&#8220; animation_speed_curve=&#8220;ease-in&#8220;][\/et_pb_divider][\/et_pb_column][et_pb_column type=&#8220;1_2&#8243; _builder_version=&#8220;3.25&#8243; custom_padding=&#8220;|||&#8220; custom_padding__hover=&#8220;|||&#8220;][et_pb_image src=&#8220;https:\/\/rechtsanwalt-lakwa.de\/wp-content\/uploads\/2018\/11\/money-1005464_1920-1.jpg&#8220; align=&#8220;center&#8220; align_tablet=&#8220;center&#8220; align_phone=&#8220;&#8220; align_last_edited=&#8220;on|desktop&#8220; _builder_version=&#8220;3.23&#8243; max_width=&#8220;80{6ea7a75d713dbf2a7b7ccfbd30c50e37df69403b2639db1e3e7686fdcb4501be}&#8220; animation_style=&#8220;fold&#8220; animation_direction=&#8220;right&#8220; animation_intensity_fold=&#8220;20{6ea7a75d713dbf2a7b7ccfbd30c50e37df69403b2639db1e3e7686fdcb4501be}&#8220; animation_speed_curve=&#8220;ease-in&#8220; border_radii=&#8220;on|5px|5px|5px|5px&#8220; animation=&#8220;fade_in&#8220;][\/et_pb_image][\/et_pb_column][\/et_pb_row][\/et_pb_section][et_pb_section fb_built=&#8220;1&#8243; admin_label=&#8220;Reservations&#8220; _builder_version=&#8220;3.22&#8243; use_background_color_gradient=&#8220;on&#8220; background_color_gradient_start=&#8220;#2f3a44&#8243; background_color_gradient_end=&#8220;rgba(38,46,53,0)&#8220; background_color_gradient_direction=&#8220;150deg&#8220; background_color_gradient_start_position=&#8220;25{6ea7a75d713dbf2a7b7ccfbd30c50e37df69403b2639db1e3e7686fdcb4501be}&#8220; background_color_gradient_overlays_image=&#8220;on&#8220; background_image=&#8220;https:\/\/rechtsanwalt-lakwa.de\/wp-content\/uploads\/2018\/10\/IMG_4980-Kopie.jpg&#8220; custom_padding=&#8220;140px|0px|0px|0px&#8220; global_module=&#8220;493&#8243;][et_pb_row column_structure=&#8220;1_2,1_2&#8243; use_custom_gutter=&#8220;on&#8220; make_equal=&#8220;on&#8220; _builder_version=&#8220;3.25&#8243;][et_pb_column type=&#8220;1_2&#8243; _builder_version=&#8220;3.25&#8243; custom_padding=&#8220;|||&#8220; custom_padding__hover=&#8220;|||&#8220;][et_pb_text _builder_version=&#8220;3.27.4&#8243; text_font_size=&#8220;16px&#8220; text_line_height=&#8220;2em&#8220; header_2_font=&#8220;Raleway|700|||||||&#8220; header_2_font_size=&#8220;50px&#8220; header_2_line_height=&#8220;1.2em&#8220; header_6_font=&#8220;Raleway|700||on|||||&#8220; header_6_font_size=&#8220;16px&#8220; header_6_letter_spacing=&#8220;5px&#8220; header_6_line_height=&#8220;1.8em&#8220; background_layout=&#8220;dark&#8220; max_width_tablet=&#8220;&#8220; max_width_phone=&#8220;&#8220; max_width_last_edited=&#8220;on|desktop&#8220; header_2_font_size_tablet=&#8220;35px&#8220; header_2_font_size_phone=&#8220;25px&#8220; header_2_font_size_last_edited=&#8220;on|phone&#8220; locked=&#8220;off&#8220;]<\/p>\n<h6>Wir helfen gerne weiter<\/h6>\n<h2>Anwaltskanzlei David Lakwa!<\/h2>\n<p>[\/et_pb_text][\/et_pb_column][et_pb_column type=&#8220;1_2&#8243; _builder_version=&#8220;3.25&#8243; custom_padding=&#8220;|||&#8220; custom_padding_tablet=&#8220;0px||0px||true&#8220; custom_padding__hover=&#8220;|||&#8220;][et_pb_button button_url=&#8220;https:\/\/rechtsanwalt-lakwa.de\/index.php\/kontakt\/&#8220; button_text=&#8220;Kontakt&#8220; button_alignment=&#8220;right&#8220; _builder_version=&#8220;3.17.6&#8243; custom_button=&#8220;on&#8220; button_text_color=&#8220;#ffffff&#8220; button_bg_color=&#8220;#59000a&#8220; button_border_width=&#8220;10px&#8220; button_border_color=&#8220;rgba(0,0,0,0)&#8220; button_border_radius=&#8220;5px&#8220; button_font=&#8220;Raleway|700|||||||&#8220; button_border_radius_hover=&#8220;0px&#8220; locked=&#8220;off&#8220; button_text_size__hover_enabled=&#8220;off&#8220; button_one_text_size__hover_enabled=&#8220;off&#8220; button_two_text_size__hover_enabled=&#8220;off&#8220; button_text_color__hover_enabled=&#8220;off&#8220; button_one_text_color__hover_enabled=&#8220;off&#8220; button_two_text_color__hover_enabled=&#8220;off&#8220; button_border_width__hover_enabled=&#8220;off&#8220; button_one_border_width__hover_enabled=&#8220;off&#8220; button_two_border_width__hover_enabled=&#8220;off&#8220; button_border_color__hover_enabled=&#8220;off&#8220; button_one_border_color__hover_enabled=&#8220;off&#8220; button_two_border_color__hover_enabled=&#8220;off&#8220; button_border_radius__hover_enabled=&#8220;on&#8220; button_border_radius__hover=&#8220;0px&#8220; button_one_border_radius__hover_enabled=&#8220;off&#8220; button_two_border_radius__hover_enabled=&#8220;off&#8220; button_letter_spacing__hover_enabled=&#8220;off&#8220; button_one_letter_spacing__hover_enabled=&#8220;off&#8220; button_two_letter_spacing__hover_enabled=&#8220;off&#8220; button_bg_color__hover_enabled=&#8220;off&#8220; button_one_bg_color__hover_enabled=&#8220;off&#8220; button_two_bg_color__hover_enabled=&#8220;off&#8220;]<\/p>\n<p>&nbsp;<\/p>\n<p>[\/et_pb_button][\/et_pb_column][\/et_pb_row][et_pb_row column_structure=&#8220;1_4,1_4,1_4,1_4&#8243; use_custom_gutter=&#8220;on&#8220; make_equal=&#8220;on&#8220; custom_padding_last_edited=&#8220;on|desktop&#8220; _builder_version=&#8220;3.25&#8243; background_color=&#8220;#ffffff&#8220; width=&#8220;90{6ea7a75d713dbf2a7b7ccfbd30c50e37df69403b2639db1e3e7686fdcb4501be}&#8220; max_width=&#8220;90{6ea7a75d713dbf2a7b7ccfbd30c50e37df69403b2639db1e3e7686fdcb4501be}&#8220; module_alignment=&#8220;left&#8220; custom_margin=&#8220;8vw||||false&#8220; custom_padding=&#8220;0px|0px|0px|15vw&#8220; custom_padding_tablet=&#8220;|||10vw&#8220; custom_padding_phone=&#8220;&#8220; animation_style=&#8220;slide&#8220; animation_direction=&#8220;left&#8220; animation_intensity_slide=&#8220;5{6ea7a75d713dbf2a7b7ccfbd30c50e37df69403b2639db1e3e7686fdcb4501be}&#8220; use_custom_width=&#8220;on&#8220; width_unit=&#8220;off&#8220; custom_width_percent=&#8220;90{6ea7a75d713dbf2a7b7ccfbd30c50e37df69403b2639db1e3e7686fdcb4501be}&#8220;][et_pb_column type=&#8220;1_4&#8243; _builder_version=&#8220;3.25&#8243; custom_padding=&#8220;74px|||&#8220; custom_padding_tablet=&#8220;40px|||&#8220; custom_padding_phone=&#8220;20px|||&#8220; custom_padding_last_edited=&#8220;off|desktop&#8220; custom_padding__hover=&#8220;|||&#8220;][et_pb_blurb use_icon=&#8220;on&#8220; font_icon=&#8220;{6ea7a75d713dbf2a7b7ccfbd30c50e37df69403b2639db1e3e7686fdcb4501be}{6ea7a75d713dbf2a7b7ccfbd30c50e37df69403b2639db1e3e7686fdcb4501be}249{6ea7a75d713dbf2a7b7ccfbd30c50e37df69403b2639db1e3e7686fdcb4501be}{6ea7a75d713dbf2a7b7ccfbd30c50e37df69403b2639db1e3e7686fdcb4501be}&#8220; icon_color=&#8220;#c3cfd6&#8243; icon_placement=&#8220;left&#8220; use_icon_font_size=&#8220;on&#8220; icon_font_size=&#8220;30px&#8220; _builder_version=&#8220;3.17.1&#8243; header_level=&#8220;h5&#8243; header_font=&#8220;Raleway|700|||||||&#8220; header_font_size=&#8220;16px&#8220; header_line_height=&#8220;1.4em&#8220; body_font=&#8220;|700|||||||&#8220; body_font_size=&#8220;17px&#8220;]<\/p>\n<p>Ruhrstra\u00dfe 8, 58097 Hagen<\/p>\n<p>[\/et_pb_blurb][\/et_pb_column][et_pb_column type=&#8220;1_4&#8243; _builder_version=&#8220;3.25&#8243; custom_padding=&#8220;74px|||&#8220; custom_padding_tablet=&#8220;40px|||&#8220; custom_padding_phone=&#8220;20px|||&#8220; custom_padding_last_edited=&#8220;off|desktop&#8220; custom_padding__hover=&#8220;|||&#8220;][et_pb_blurb use_icon=&#8220;on&#8220; font_icon=&#8220;{6ea7a75d713dbf2a7b7ccfbd30c50e37df69403b2639db1e3e7686fdcb4501be}{6ea7a75d713dbf2a7b7ccfbd30c50e37df69403b2639db1e3e7686fdcb4501be}238{6ea7a75d713dbf2a7b7ccfbd30c50e37df69403b2639db1e3e7686fdcb4501be}{6ea7a75d713dbf2a7b7ccfbd30c50e37df69403b2639db1e3e7686fdcb4501be}&#8220; icon_color=&#8220;#c3cfd6&#8243; icon_placement=&#8220;left&#8220; use_icon_font_size=&#8220;on&#8220; icon_font_size=&#8220;24px&#8220; _builder_version=&#8220;3.17.6&#8243; header_level=&#8220;h5&#8243; header_font=&#8220;Raleway|700|||||||&#8220; header_line_height=&#8220;1.4em&#8220; body_font=&#8220;|700|||||||&#8220; body_font_size=&#8220;15px&#8220;]<\/p>\n<p><a href=\"mailto:info@rechtsanwalt-lakwa.de\">info@rechtsanwalt-lakwa.de<\/a><\/p>\n<p>[\/et_pb_blurb][\/et_pb_column][et_pb_column type=&#8220;1_4&#8243; _builder_version=&#8220;3.25&#8243; custom_padding=&#8220;74px|||&#8220; custom_padding_tablet=&#8220;40px|||&#8220; custom_padding_phone=&#8220;20px|||&#8220; custom_padding_last_edited=&#8220;off|desktop&#8220; custom_padding__hover=&#8220;|||&#8220;][et_pb_blurb use_icon=&#8220;on&#8220; font_icon=&#8220;{6ea7a75d713dbf2a7b7ccfbd30c50e37df69403b2639db1e3e7686fdcb4501be}{6ea7a75d713dbf2a7b7ccfbd30c50e37df69403b2639db1e3e7686fdcb4501be}264{6ea7a75d713dbf2a7b7ccfbd30c50e37df69403b2639db1e3e7686fdcb4501be}{6ea7a75d713dbf2a7b7ccfbd30c50e37df69403b2639db1e3e7686fdcb4501be}&#8220; icon_color=&#8220;#c3cfd6&#8243; icon_placement=&#8220;left&#8220; use_icon_font_size=&#8220;on&#8220; icon_font_size=&#8220;30px&#8220; _builder_version=&#8220;4.4.3&#8243; header_level=&#8220;h5&#8243; header_font=&#8220;Raleway|700|||||||&#8220; header_line_height=&#8220;1.4em&#8220; body_font=&#8220;|700|||||||&#8220; body_text_color=&#8220;#000000&#8243; body_font_size=&#8220;17px&#8220;]<\/p>\n<p><a href=\"tel:+4923313733710\">02331 3733710<\/a><\/p>\n<p>[\/et_pb_blurb][\/et_pb_column][et_pb_column type=&#8220;1_4&#8243; _builder_version=&#8220;3.25&#8243; custom_padding=&#8220;|||&#8220; custom_padding_tablet=&#8220;20px||20px||true&#8220; custom_padding_last_edited=&#8220;off|desktop&#8220; custom_padding__hover=&#8220;|||&#8220;][\/et_pb_column][\/et_pb_row][\/et_pb_section][et_pb_section fb_built=&#8220;1&#8243; admin_label=&#8220;Contact Info&#8220; _builder_version=&#8220;3.22&#8243; background_color=&#8220;#ffffff&#8220; max_width=&#8220;90{6ea7a75d713dbf2a7b7ccfbd30c50e37df69403b2639db1e3e7686fdcb4501be}&#8220; max_width_tablet=&#8220;&#8220; max_width_phone=&#8220;100{6ea7a75d713dbf2a7b7ccfbd30c50e37df69403b2639db1e3e7686fdcb4501be}&#8220; max_width_last_edited=&#8220;on|phone&#8220; custom_margin=&#8220;0px|||&#8220; border_color_all=&#8220;#ffffff&#8220; border_width_left=&#8220;10vw&#8220; global_module=&#8220;485&#8243;][et_pb_row _builder_version=&#8220;3.25&#8243; custom_width_px=&#8220;800px&#8220;][et_pb_column type=&#8220;4_4&#8243; _builder_version=&#8220;3.25&#8243; custom_padding=&#8220;|||&#8220; custom_padding__hover=&#8220;|||&#8220;][et_pb_contact_form captcha=&#8220;off&#8220; module_id=&#8220;et_pb_contact_form_0&#8243; _builder_version=&#8220;3.23&#8243; form_field_background_color=&#8220;#f5f5f5&#8243; title_level=&#8220;h2&#8243; title_font=&#8220;Raleway|700|||||||&#8220; title_font_size=&#8220;50px&#8220; title_line_height=&#8220;1.8em&#8220; form_field_font=&#8220;||||||||&#8220; form_field_line_height=&#8220;2em&#8220; custom_button=&#8220;on&#8220; button_text_size=&#8220;16px&#8220; button_text_color=&#8220;#b2b9c4&#8243; button_bg_color=&#8220;rgba(178,185,196,0)&#8220; button_border_color=&#8220;rgba(0,0,0,0)&#8220; button_border_radius=&#8220;0px&#8220; button_font=&#8220;Raleway|700|||||||&#8220; title_font_size_tablet=&#8220;35px&#8220; title_font_size_phone=&#8220;25px&#8220; title_font_size_last_edited=&#8220;on|desktop&#8220; form_background_color=&#8220;#f5f5f5&#8243; button_border_radius_hover=&#8220;0px&#8220;][et_pb_contact_field field_id=&#8220;Name&#8220; field_title=&#8220;Name&#8220; _builder_version=&#8220;3.16&#8243; button_text_size__hover_enabled=&#8220;off&#8220; button_one_text_size__hover_enabled=&#8220;off&#8220; button_two_text_size__hover_enabled=&#8220;off&#8220; button_text_color__hover_enabled=&#8220;off&#8220; button_one_text_color__hover_enabled=&#8220;off&#8220; button_two_text_color__hover_enabled=&#8220;off&#8220; button_border_width__hover_enabled=&#8220;off&#8220; button_one_border_width__hover_enabled=&#8220;off&#8220; button_two_border_width__hover_enabled=&#8220;off&#8220; button_border_color__hover_enabled=&#8220;off&#8220; button_one_border_color__hover_enabled=&#8220;off&#8220; button_two_border_color__hover_enabled=&#8220;off&#8220; button_border_radius__hover_enabled=&#8220;off&#8220; button_one_border_radius__hover_enabled=&#8220;off&#8220; button_two_border_radius__hover_enabled=&#8220;off&#8220; button_letter_spacing__hover_enabled=&#8220;off&#8220; button_one_letter_spacing__hover_enabled=&#8220;off&#8220; button_two_letter_spacing__hover_enabled=&#8220;off&#8220; button_bg_color__hover_enabled=&#8220;off&#8220; button_one_bg_color__hover_enabled=&#8220;off&#8220; button_two_bg_color__hover_enabled=&#8220;off&#8220;][\/et_pb_contact_field][et_pb_contact_field field_id=&#8220;Email&#8220; field_title=&#8220;Email Address&#8220; field_type=&#8220;email&#8220; _builder_version=&#8220;3.16&#8243; button_text_size__hover_enabled=&#8220;off&#8220; button_one_text_size__hover_enabled=&#8220;off&#8220; button_two_text_size__hover_enabled=&#8220;off&#8220; button_text_color__hover_enabled=&#8220;off&#8220; button_one_text_color__hover_enabled=&#8220;off&#8220; button_two_text_color__hover_enabled=&#8220;off&#8220; button_border_width__hover_enabled=&#8220;off&#8220; button_one_border_width__hover_enabled=&#8220;off&#8220; button_two_border_width__hover_enabled=&#8220;off&#8220; button_border_color__hover_enabled=&#8220;off&#8220; button_one_border_color__hover_enabled=&#8220;off&#8220; button_two_border_color__hover_enabled=&#8220;off&#8220; button_border_radius__hover_enabled=&#8220;off&#8220; button_one_border_radius__hover_enabled=&#8220;off&#8220; button_two_border_radius__hover_enabled=&#8220;off&#8220; button_letter_spacing__hover_enabled=&#8220;off&#8220; button_one_letter_spacing__hover_enabled=&#8220;off&#8220; button_two_letter_spacing__hover_enabled=&#8220;off&#8220; button_bg_color__hover_enabled=&#8220;off&#8220; button_one_bg_color__hover_enabled=&#8220;off&#8220; button_two_bg_color__hover_enabled=&#8220;off&#8220;][\/et_pb_contact_field][et_pb_contact_field field_id=&#8220;Message&#8220; field_title=&#8220;Message&#8220; field_type=&#8220;text&#8220; fullwidth_field=&#8220;on&#8220; _builder_version=&#8220;3.16&#8243; button_text_size__hover_enabled=&#8220;off&#8220; button_one_text_size__hover_enabled=&#8220;off&#8220; button_two_text_size__hover_enabled=&#8220;off&#8220; button_text_color__hover_enabled=&#8220;off&#8220; button_one_text_color__hover_enabled=&#8220;off&#8220; button_two_text_color__hover_enabled=&#8220;off&#8220; button_border_width__hover_enabled=&#8220;off&#8220; button_one_border_width__hover_enabled=&#8220;off&#8220; button_two_border_width__hover_enabled=&#8220;off&#8220; button_border_color__hover_enabled=&#8220;off&#8220; button_one_border_color__hover_enabled=&#8220;off&#8220; button_two_border_color__hover_enabled=&#8220;off&#8220; button_border_radius__hover_enabled=&#8220;off&#8220; button_one_border_radius__hover_enabled=&#8220;off&#8220; button_two_border_radius__hover_enabled=&#8220;off&#8220; button_letter_spacing__hover_enabled=&#8220;off&#8220; button_one_letter_spacing__hover_enabled=&#8220;off&#8220; button_two_letter_spacing__hover_enabled=&#8220;off&#8220; button_bg_color__hover_enabled=&#8220;off&#8220; button_one_bg_color__hover_enabled=&#8220;off&#8220; button_two_bg_color__hover_enabled=&#8220;off&#8220;][\/et_pb_contact_field][\/et_pb_contact_form][\/et_pb_column][\/et_pb_row][\/et_pb_section]<\/p>\n","protected":false},"excerpt":{"rendered":"<p>[et_pb_section fb_built=&#8220;1&#8243; fullwidth=&#8220;on&#8220; admin_label=&#8220;Hero Section&#8220; _builder_version=&#8220;3.22&#8243; background_color=&#8220;rgba(29,38,51,0.86)&#8220; parallax=&#8220;on&#8220; custom_margin=&#8220;30px||-30px|&#8220; custom_padding=&#8220;0px|0px|30px|0px&#8220;][et_pb_fullwidth_header title=&#8220;Inkasso&#8220; header_fullscreen=&#8220;on&#8220; background_overlay_color=&#8220;rgba(29,38,51,0.86)&#8220; image_orientation=&#8220;bottom&#8220; content_max_width=&#8220;700px&#8220; admin_label=&#8220;Hero&#8220; _builder_version=&#8220;3.17.6&#8243; title_font=&#8220;Oswald|on||on|&#8220; title_font_size=&#8220;80px&#8220; title_line_height=&#8220;1.3em&#8220; content_font=&#8220;Roboto||||&#8220; content_font_size=&#8220;20px&#8220; background_image=&#8220;https:\/\/rechtsanwalt-lakwa.de\/wp-content\/uploads\/2018\/10\/Lakwa-Logo-1.png&#8220; background_size=&#8220;contain&#8220; custom_button_one=&#8220;on&#8220; button_one_border_radius=&#8220;0px&#8220; button_one_letter_spacing=&#8220;4px&#8220; button_one_font=&#8220;Oswald|on||on|&#8220; button_one_icon=&#8220;{6ea7a75d713dbf2a7b7ccfbd30c50e37df69403b2639db1e3e7686fdcb4501be}{6ea7a75d713dbf2a7b7ccfbd30c50e37df69403b2639db1e3e7686fdcb4501be}3{6ea7a75d713dbf2a7b7ccfbd30c50e37df69403b2639db1e3e7686fdcb4501be}{6ea7a75d713dbf2a7b7ccfbd30c50e37df69403b2639db1e3e7686fdcb4501be}&#8220; button_one_icon_color=&#8220;#ffffff&#8220; animation_style=&#8220;zoom&#8220; animation_direction=&#8220;bottom&#8220; animation_intensity_zoom=&#8220;4{6ea7a75d713dbf2a7b7ccfbd30c50e37df69403b2639db1e3e7686fdcb4501be}&#8220; button_one_text_color_hover=&#8220;#ffffff&#8220; button_one_border_color_hover=&#8220;#ffffff&#8220; button_one_border_radius_hover=&#8220;0px&#8220; button_one_letter_spacing_hover=&#8220;4px&#8220; button_one_bg_color_hover=&#8220;rgba(0,0,0,0)&#8220;] Als Rechtsanwaltskanzlei arbeitet wir genau so erfolgsorientiert wie ein Inkassob\u00fcro. [\/et_pb_fullwidth_header][\/et_pb_section][et_pb_section fb_built=&#8220;1&#8243; _builder_version=&#8220;3.22&#8243; custom_padding=&#8220;110px|||&#8220;][et_pb_row column_structure=&#8220;1_2,1_2&#8243; _builder_version=&#8220;3.25&#8243;][et_pb_column type=&#8220;1_2&#8243; [&hellip;]<\/p>\n","protected":false},"author":2,"featured_media":0,"parent":0,"menu_order":0,"comment_status":"closed","ping_status":"closed","template":"","meta":{"_et_pb_use_builder":"on","_et_pb_old_content":"","_et_gb_content_width":"","footnotes":""},"class_list":["post-262","page","type-page","status-publish","hentry"],"acf":[],"_links":{"self":[{"href":"https:\/\/rechtsanwalt-lakwa.de\/index.php\/wp-json\/wp\/v2\/pages\/262","targetHints":{"allow":["GET"]}}],"collection":[{"href":"https:\/\/rechtsanwalt-lakwa.de\/index.php\/wp-json\/wp\/v2\/pages"}],"about":[{"href":"https:\/\/rechtsanwalt-lakwa.de\/index.php\/wp-json\/wp\/v2\/types\/page"}],"author":[{"embeddable":true,"href":"https:\/\/rechtsanwalt-lakwa.de\/index.php\/wp-json\/wp\/v2\/users\/2"}],"replies":[{"embeddable":true,"href":"https:\/\/rechtsanwalt-lakwa.de\/index.php\/wp-json\/wp\/v2\/comments?post=262"}],"version-history":[{"count":0,"href":"https:\/\/rechtsanwalt-lakwa.de\/index.php\/wp-json\/wp\/v2\/pages\/262\/revisions"}],"wp:attachment":[{"href":"https:\/\/rechtsanwalt-lakwa.de\/index.php\/wp-json\/wp\/v2\/media?parent=262"}],"curies":[{"name":"wp","href":"https:\/\/api.w.org\/{rel}","templated":true}]}}